{"id":2964,"date":"2024-08-06T14:48:04","date_gmt":"2024-08-06T19:48:04","guid":{"rendered":"https:\/\/www.freedomisbigger.com\/petitions\/"},"modified":"2026-01-21T15:01:32","modified_gmt":"2026-01-21T21:01:32","slug":"peticiones","status":"publish","type":"page","link":"https:\/\/www.freedomisbigger.com\/es\/peticiones\/","title":{"rendered":"Peticiones"},"content":{"rendered":"","protected":false},"excerpt":{"rendered":"","protected":false},"author":2,"featured_media":3000,"parent":0,"menu_order":0,"comment_status":"closed","ping_status":"closed","template":"flexible.php","meta":{"_acf_changed":false,"footnotes":"","_links_to":"","_links_to_target":""},"class_list":["post-2964","page","type-page","status-publish","has-post-thumbnail","hentry"],"acf":[],"mb":[],"yoast_head":"<!-- This site is optimized with the Yoast SEO plugin v27.2 - https:\/\/yoast.com\/product\/yoast-seo-wordpress\/ -->\n<title>Peticiones AFP Texas - Americans for Prosperity Texas<\/title>\n<meta name=\"description\" content=\"Toma acci\u00f3n para garantizar que la libertad siga siendo m\u00e1s grande en Texas. Apoya peticiones de reformas econ\u00f3micas, elecci\u00f3n escolar, seguridad fronteriza, energ\u00eda e innovaci\u00f3n en salud.\" \/>\n<meta name=\"robots\" content=\"index, follow, max-snippet:-1, max-image-preview:large, max-video-preview:-1\" \/>\n<link rel=\"canonical\" href=\"https:\/\/www.freedomisbigger.com\/es\/peticiones\/\" \/>\n<meta property=\"og:locale\" content=\"es_ES\" \/>\n<meta property=\"og:type\" content=\"article\" \/>\n<meta property=\"og:title\" content=\"Peticiones AFP Texas - Americans for Prosperity Texas\" \/>\n<meta property=\"og:description\" content=\"Toma acci\u00f3n para garantizar que la libertad siga siendo m\u00e1s grande en Texas. Apoya peticiones de reformas econ\u00f3micas, elecci\u00f3n escolar, seguridad fronteriza, energ\u00eda e innovaci\u00f3n en salud.\" \/>\n<meta property=\"og:url\" content=\"https:\/\/www.freedomisbigger.com\/es\/peticiones\/\" \/>\n<meta property=\"og:site_name\" content=\"Freedom is Bigger in Texas\" \/>\n<meta property=\"article:publisher\" content=\"https:\/\/www.facebook.com\/afptx\/\" \/>\n<meta property=\"article:modified_time\" content=\"2026-01-21T21:01:32+00:00\" \/>\n<meta property=\"og:image\" content=\"https:\/\/www.freedomisbigger.com\/wp-content\/uploads\/2024\/08\/petitions.jpg\" \/>\n\t<meta property=\"og:image:width\" content=\"2000\" \/>\n\t<meta property=\"og:image:height\" content=\"1334\" \/>\n\t<meta property=\"og:image:type\" content=\"image\/jpeg\" \/>\n<meta name=\"twitter:card\" content=\"summary_large_image\" \/>\n<meta name=\"twitter:site\" content=\"@texasafp\" \/>\n<meta name=\"twitter:label1\" content=\"Tiempo de lectura\" \/>\n\t<meta name=\"twitter:data1\" content=\"1 minuto\" \/>\n<script type=\"application\/ld+json\" class=\"yoast-schema-graph\">{\"@context\":\"https:\/\/schema.org\",\"@graph\":[{\"@type\":\"WebPage\",\"@id\":\"https:\/\/www.freedomisbigger.com\/es\/peticiones\/\",\"url\":\"https:\/\/www.freedomisbigger.com\/es\/peticiones\/\",\"name\":\"Peticiones AFP Texas - Americans for Prosperity Texas\",\"isPartOf\":{\"@id\":\"https:\/\/www.freedomisbigger.com\/es\/#website\"},\"primaryImageOfPage\":{\"@id\":\"https:\/\/www.freedomisbigger.com\/es\/peticiones\/#primaryimage\"},\"image\":{\"@id\":\"https:\/\/www.freedomisbigger.com\/es\/peticiones\/#primaryimage\"},\"thumbnailUrl\":\"https:\/\/www.freedomisbigger.com\/wp-content\/uploads\/2024\/08\/petitions.jpg\",\"datePublished\":\"2024-08-06T19:48:04+00:00\",\"dateModified\":\"2026-01-21T21:01:32+00:00\",\"description\":\"Toma acci\u00f3n para garantizar que la libertad siga siendo m\u00e1s grande en Texas. Apoya peticiones de reformas econ\u00f3micas, elecci\u00f3n escolar, seguridad fronteriza, energ\u00eda e innovaci\u00f3n en salud.\",\"breadcrumb\":{\"@id\":\"https:\/\/www.freedomisbigger.com\/es\/peticiones\/#breadcrumb\"},\"inLanguage\":\"es\",\"potentialAction\":[{\"@type\":\"ReadAction\",\"target\":[\"https:\/\/www.freedomisbigger.com\/es\/peticiones\/\"]}]},{\"@type\":\"ImageObject\",\"inLanguage\":\"es\",\"@id\":\"https:\/\/www.freedomisbigger.com\/es\/peticiones\/#primaryimage\",\"url\":\"https:\/\/www.freedomisbigger.com\/wp-content\/uploads\/2024\/08\/petitions.jpg\",\"contentUrl\":\"https:\/\/www.freedomisbigger.com\/wp-content\/uploads\/2024\/08\/petitions.jpg\",\"width\":2000,\"height\":1334,\"caption\":\"Petitions\"},{\"@type\":\"BreadcrumbList\",\"@id\":\"https:\/\/www.freedomisbigger.com\/es\/peticiones\/#breadcrumb\",\"itemListElement\":[{\"@type\":\"ListItem\",\"position\":1,\"name\":\"Home\",\"item\":\"https:\/\/www.freedomisbigger.com\/es\/\"},{\"@type\":\"ListItem\",\"position\":2,\"name\":\"Peticiones\"}]},{\"@type\":\"WebSite\",\"@id\":\"https:\/\/www.freedomisbigger.com\/es\/#website\",\"url\":\"https:\/\/www.freedomisbigger.com\/es\/\",\"name\":\"Freedom is Bigger in Texas\",\"description\":\"\",\"publisher\":{\"@id\":\"https:\/\/www.freedomisbigger.com\/es\/#organization\"},\"potentialAction\":[{\"@type\":\"SearchAction\",\"target\":{\"@type\":\"EntryPoint\",\"urlTemplate\":\"https:\/\/www.freedomisbigger.com\/es\/?s={search_term_string}\"},\"query-input\":{\"@type\":\"PropertyValueSpecification\",\"valueRequired\":true,\"valueName\":\"search_term_string\"}}],\"inLanguage\":\"es\"},{\"@type\":\"Organization\",\"@id\":\"https:\/\/www.freedomisbigger.com\/es\/#organization\",\"name\":\"Freedom is Bigger in Texas\",\"url\":\"https:\/\/www.freedomisbigger.com\/es\/\",\"logo\":{\"@type\":\"ImageObject\",\"inLanguage\":\"es\",\"@id\":\"https:\/\/www.freedomisbigger.com\/es\/#\/schema\/logo\/image\/\",\"url\":\"https:\/\/www.freedomisbigger.com\/wp-content\/uploads\/2024\/08\/23-AFPTX-0042_Freedom_Logo_FullColor_SPOT-1.png\",\"contentUrl\":\"https:\/\/www.freedomisbigger.com\/wp-content\/uploads\/2024\/08\/23-AFPTX-0042_Freedom_Logo_FullColor_SPOT-1.png\",\"width\":434,\"height\":435,\"caption\":\"Freedom is Bigger in Texas\"},\"image\":{\"@id\":\"https:\/\/www.freedomisbigger.com\/es\/#\/schema\/logo\/image\/\"},\"sameAs\":[\"https:\/\/www.facebook.com\/afptx\/\",\"https:\/\/x.com\/texasafp\",\"https:\/\/www.instagram.com\/afptexas\/\"]}]}<\/script>\n<!-- \/ Yoast SEO plugin. -->","yoast_head_json":{"title":"Peticiones AFP Texas - Americans for Prosperity Texas","description":"Toma acci\u00f3n para garantizar que la libertad siga siendo m\u00e1s grande en Texas. Apoya peticiones de reformas econ\u00f3micas, elecci\u00f3n escolar, seguridad fronteriza, energ\u00eda e innovaci\u00f3n en salud.","robots":{"index":"index","follow":"follow","max-snippet":"max-snippet:-1","max-image-preview":"max-image-preview:large","max-video-preview":"max-video-preview:-1"},"canonical":"https:\/\/www.freedomisbigger.com\/es\/peticiones\/","og_locale":"es_ES","og_type":"article","og_title":"Peticiones AFP Texas - Americans for Prosperity Texas","og_description":"Toma acci\u00f3n para garantizar que la libertad siga siendo m\u00e1s grande en Texas. Apoya peticiones de reformas econ\u00f3micas, elecci\u00f3n escolar, seguridad fronteriza, energ\u00eda e innovaci\u00f3n en salud.","og_url":"https:\/\/www.freedomisbigger.com\/es\/peticiones\/","og_site_name":"Freedom is Bigger in Texas","article_publisher":"https:\/\/www.facebook.com\/afptx\/","article_modified_time":"2026-01-21T21:01:32+00:00","og_image":[{"width":2000,"height":1334,"url":"https:\/\/www.freedomisbigger.com\/wp-content\/uploads\/2024\/08\/petitions.jpg","type":"image\/jpeg"}],"twitter_card":"summary_large_image","twitter_site":"@texasafp","twitter_misc":{"Tiempo de lectura":"1 minuto"},"schema":{"@context":"https:\/\/schema.org","@graph":[{"@type":"WebPage","@id":"https:\/\/www.freedomisbigger.com\/es\/peticiones\/","url":"https:\/\/www.freedomisbigger.com\/es\/peticiones\/","name":"Peticiones AFP Texas - Americans for Prosperity Texas","isPartOf":{"@id":"https:\/\/www.freedomisbigger.com\/es\/#website"},"primaryImageOfPage":{"@id":"https:\/\/www.freedomisbigger.com\/es\/peticiones\/#primaryimage"},"image":{"@id":"https:\/\/www.freedomisbigger.com\/es\/peticiones\/#primaryimage"},"thumbnailUrl":"https:\/\/www.freedomisbigger.com\/wp-content\/uploads\/2024\/08\/petitions.jpg","datePublished":"2024-08-06T19:48:04+00:00","dateModified":"2026-01-21T21:01:32+00:00","description":"Toma acci\u00f3n para garantizar que la libertad siga siendo m\u00e1s grande en Texas. Apoya peticiones de reformas econ\u00f3micas, elecci\u00f3n escolar, seguridad fronteriza, energ\u00eda e innovaci\u00f3n en salud.","breadcrumb":{"@id":"https:\/\/www.freedomisbigger.com\/es\/peticiones\/#breadcrumb"},"inLanguage":"es","potentialAction":[{"@type":"ReadAction","target":["https:\/\/www.freedomisbigger.com\/es\/peticiones\/"]}]},{"@type":"ImageObject","inLanguage":"es","@id":"https:\/\/www.freedomisbigger.com\/es\/peticiones\/#primaryimage","url":"https:\/\/www.freedomisbigger.com\/wp-content\/uploads\/2024\/08\/petitions.jpg","contentUrl":"https:\/\/www.freedomisbigger.com\/wp-content\/uploads\/2024\/08\/petitions.jpg","width":2000,"height":1334,"caption":"Petitions"},{"@type":"BreadcrumbList","@id":"https:\/\/www.freedomisbigger.com\/es\/peticiones\/#breadcrumb","itemListElement":[{"@type":"ListItem","position":1,"name":"Home","item":"https:\/\/www.freedomisbigger.com\/es\/"},{"@type":"ListItem","position":2,"name":"Peticiones"}]},{"@type":"WebSite","@id":"https:\/\/www.freedomisbigger.com\/es\/#website","url":"https:\/\/www.freedomisbigger.com\/es\/","name":"Freedom is Bigger in Texas","description":"","publisher":{"@id":"https:\/\/www.freedomisbigger.com\/es\/#organization"},"potentialAction":[{"@type":"SearchAction","target":{"@type":"EntryPoint","urlTemplate":"https:\/\/www.freedomisbigger.com\/es\/?s={search_term_string}"},"query-input":{"@type":"PropertyValueSpecification","valueRequired":true,"valueName":"search_term_string"}}],"inLanguage":"es"},{"@type":"Organization","@id":"https:\/\/www.freedomisbigger.com\/es\/#organization","name":"Freedom is Bigger in Texas","url":"https:\/\/www.freedomisbigger.com\/es\/","logo":{"@type":"ImageObject","inLanguage":"es","@id":"https:\/\/www.freedomisbigger.com\/es\/#\/schema\/logo\/image\/","url":"https:\/\/www.freedomisbigger.com\/wp-content\/uploads\/2024\/08\/23-AFPTX-0042_Freedom_Logo_FullColor_SPOT-1.png","contentUrl":"https:\/\/www.freedomisbigger.com\/wp-content\/uploads\/2024\/08\/23-AFPTX-0042_Freedom_Logo_FullColor_SPOT-1.png","width":434,"height":435,"caption":"Freedom is Bigger in Texas"},"image":{"@id":"https:\/\/www.freedomisbigger.com\/es\/#\/schema\/logo\/image\/"},"sameAs":["https:\/\/www.facebook.com\/afptx\/","https:\/\/x.com\/texasafp","https:\/\/www.instagram.com\/afptexas\/"]}]}},"mfb_rest_fields":["title","yoast_head","yoast_head_json"],"_links":{"self":[{"href":"https:\/\/www.freedomisbigger.com\/es\/wp-json\/wp\/v2\/pages\/2964","targetHints":{"allow":["GET"]}}],"collection":[{"href":"https:\/\/www.freedomisbigger.com\/es\/wp-json\/wp\/v2\/pages"}],"about":[{"href":"https:\/\/www.freedomisbigger.com\/es\/wp-json\/wp\/v2\/types\/page"}],"author":[{"embeddable":true,"href":"https:\/\/www.freedomisbigger.com\/es\/wp-json\/wp\/v2\/users\/2"}],"replies":[{"embeddable":true,"href":"https:\/\/www.freedomisbigger.com\/es\/wp-json\/wp\/v2\/comments?post=2964"}],"version-history":[{"count":10,"href":"https:\/\/www.freedomisbigger.com\/es\/wp-json\/wp\/v2\/pages\/2964\/revisions"}],"predecessor-version":[{"id":5235,"href":"https:\/\/www.freedomisbigger.com\/es\/wp-json\/wp\/v2\/pages\/2964\/revisions\/5235"}],"wp:featuredmedia":[{"embeddable":true,"href":"https:\/\/www.freedomisbigger.com\/es\/wp-json\/wp\/v2\/media\/3000"}],"wp:attachment":[{"href":"https:\/\/www.freedomisbigger.com\/es\/wp-json\/wp\/v2\/media?parent=2964"}],"curies":[{"name":"wp","href":"https:\/\/api.w.org\/{rel}","templated":true}]}}